{"id":1225,"date":"2025-03-31T13:40:15","date_gmt":"2025-03-31T13:40:15","guid":{"rendered":"https:\/\/sigglobalaccounters.com\/?page_id=1225"},"modified":"2026-03-03T19:35:16","modified_gmt":"2026-03-03T19:35:16","slug":"soporte","status":"publish","type":"page","link":"https:\/\/sigglobalaccounters.com\/index.php\/soporte\/","title":{"rendered":"Soporte"},"content":{"rendered":"<p>[et_pb_section fb_built=&#8221;1&#8243; _builder_version=&#8221;4.22.0&#8243; _module_preset=&#8221;default&#8221; global_colors_info=&#8221;{}&#8221;][et_pb_row _builder_version=&#8221;4.22.2&#8243; _module_preset=&#8221;default&#8221; global_colors_info=&#8221;{}&#8221;][et_pb_column type=&#8221;4_4&#8243; _builder_version=&#8221;4.22.2&#8243; _module_preset=&#8221;default&#8221; global_colors_info=&#8221;{}&#8221;][et_pb_accordion open_toggle_text_color=&#8221;#474747&#8243; open_toggle_background_color=&#8221;#FFFFFF&#8221; closed_toggle_text_color=&#8221;#171c8f&#8221; closed_toggle_background_color=&#8221;#f8fafc&#8221; toggle_icon=&#8221;&#x3b;||divi||400&#8243; icon_color=&#8221;#171c8f&#8221; use_icon_font_size=&#8221;on&#8221; icon_font_size=&#8221;25px&#8221; _builder_version=&#8221;4.22.2&#8243; _module_preset=&#8221;default&#8221; toggle_text_color=&#8221;#FFFFFF&#8221; toggle_font=&#8221;Open Sans|800||on|||||&#8221; closed_toggle_font=&#8221;Open Sans||||||||&#8221; body_quote_border_color=&#8221;#f2f2f2&#8243; body_quote_text_color=&#8221;#000000&#8243; text_orientation=&#8221;left&#8221; custom_margin=&#8221;||||false|false&#8221; border_radii=&#8221;on|10px|10px|10px|10px&#8221; border_color_all=&#8221;#D6D6D6&#8243; global_module=&#8221;496&#8243; saved_tabs=&#8221;all&#8221; global_colors_info=&#8221;{}&#8221;][et_pb_accordion_item title=&#8221;mejora  continua&#8221; _builder_version=&#8221;4.22.2&#8243; _module_preset=&#8221;default&#8221; global_colors_info=&#8221;{}&#8221; open=&#8221;off&#8221;]<\/p>\n<p>La mejora continua se construye a partir de diferentes elementos que orientan a CERPAT S.A.S a mejorar su gesti\u00f3n y a dar una mejor respuesta a las necesidades y expectativas de sus partes interesadas. Con el fin de brindar instrumentos que apoyen la mejora continua, se dise\u00f1o las siguientes herramientas:<\/p>\n<p><a href=\"https:\/\/docs.google.com\/spreadsheets\/d\/17WmokM2NK_M8seGCO0Fs9OTuPMEFBeDK\/edit?usp=drive_link&amp;ouid=113290235870177973994&amp;rtpof=true&amp;sd=true\">CAL-MT-01 MATRIZ DE PLANIFICACI\u00d3N DE CAMBIO<\/a><\/p>\n<p><a href=\"https:\/\/docs.google.com\/spreadsheets\/d\/1mK5Dvgl8mAXX79hlwUzhWIRFJMs8F1qs\/edit?usp=drive_link&amp;ouid=113290235870177973994&amp;rtpof=true&amp;sd=true\">CAL-MT-09 MATRIZ DE REPORTE Y TRATAMIENTO DE LAS SALIDAS NO CONFORMES<\/a><\/p>\n<p><span style=\"font-size: 14px;\"><\/span><a href=\"https:\/\/docs.google.com\/spreadsheets\/d\/1oICqgn9C5xWJTtlew9aoUqBoLHCSWzvS\/edit#gid=1483480581\" style=\"font-size: 14px;\">CAL-PL-01 MEJORA CONTINUA<\/a><\/p>\n<p>&nbsp;<\/p>\n<p>[\/et_pb_accordion_item][et_pb_accordion_item title=&#8221;an\u00e1lisis de contexto&#8221; _builder_version=&#8221;4.22.2&#8243; _module_preset=&#8221;default&#8221; body_quote_border_color=&#8221;#f2f2f2&#8243; global_colors_info=&#8221;{}&#8221; open=&#8221;on&#8221;]<\/p>\n<blockquote>\n<p>CERPAT SAS en sus an\u00e1lisis de contexto determina las cuestiones internas y externas pertinentes a la organizaci\u00f3n que afectan el logro de los resultados. Es por ello, que se ha dise\u00f1ado el siguiente la herramienta<\/p>\n<ul>\n<li><a href=\"https:\/\/docs.google.com\/spreadsheets\/d\/1miSwtDq6nje0n5eEOChd0BQt50SlENYV\/edit?gid=1225398411#gid=1225398411\">GER-MT-01 TABLERO DE MANDO INTEGRAL<\/a><\/li>\n<li><a href=\"https:\/\/docs.google.com\/spreadsheets\/d\/1GQeyEN3mh0Buk86Q_YB2vjaa1xy4ZmOb\/edit?gid=312269697#gid=312269697\">GER-MT-02 INDICADORES ESTRATEGICOS<\/a><\/li>\n<\/ul>\n<\/blockquote>\n<p>[\/et_pb_accordion_item][et_pb_accordion_item title=&#8221;matriz de partes interesadas&#8221; _builder_version=&#8221;4.22.2&#8243; _module_preset=&#8221;default&#8221; global_colors_info=&#8221;{}&#8221; open=&#8221;off&#8221;]<\/p>\n<p>Entendiendo que el Sistema Integrado de Gesti\u00f3n de CERPAT SAS tiene como prioridad la satisfacci\u00f3n de las necesidades de sus partes interesadas, se presenta a continuaci\u00f3n la matriz de partes interesadas y sus requisitos. <a href=\"https:\/\/docs.google.com\/spreadsheets\/d\/1JBpS27cDn1qI5miLjZWCsleQbFBZhKfK\/edit?rtpof=true#gid=184671871\">CAL-MT-06 MATRIZ DE PARTES INTERESADAS<\/a><\/p>\n<p>[\/et_pb_accordion_item][et_pb_accordion_item title=&#8221;c\u00f3digo de etica&#8221; _builder_version=&#8221;4.22.2&#8243; _module_preset=&#8221;default&#8221; global_colors_info=&#8221;{}&#8221; open=&#8221;off&#8221;]<\/p>\n<p><span class=\"OYPEnA text-decoration-none text-strikethrough-none\">El ejercicio profesional del contador exige su compromiso tanto con los clientes que contratan sus servicios, como con el Estado, y evidentemente consigo mismo, y por eso que CERPAT SAS tiene establecido el <a href=\"https:\/\/drive.google.com\/file\/d\/1ie8m5kZPULD7jnDgirgim0l8AkbfbyXR\/view?usp=sharing\">C\u00d3DIGO DE ETICA.<\/a><\/span><\/p>\n<p>[\/et_pb_accordion_item][et_pb_accordion_item title=&#8221;MANUAL DE CALIDAD&#8221; _builder_version=&#8221;4.22.2&#8243; _module_preset=&#8221;default&#8221; global_colors_info=&#8221;{}&#8221; open=&#8221;off&#8221;]<\/p>\n<p><span class=\"OYPEnA text-decoration-none text-strikethrough-none\">Aborda las responsabilidades de la firma de auditor\u00eda para dise\u00f1ar, implementar y operar un sistema de gesti\u00f3n de la calidad para encargos de auditor\u00eda o revisiones de estados financieros CERPAT SAS a dise\u00f1ado el siguiente <a href=\"https:\/\/drive.google.com\/file\/d\/1Uz6PcND7pl7XGEP6cLesFy4uTuQg-U1R\/view?usp=drive_link\">MANUAL DE CALIDAD<\/a><\/span><\/p>\n<p>[\/et_pb_accordion_item][et_pb_accordion_item title=&#8221;soportes del sistema de gestion&#8221; open=&#8221;off&#8221; _builder_version=&#8221;4.22.2&#8243; _module_preset=&#8221;default&#8221; global_colors_info=&#8221;{}&#8221;]<\/p>\n<p><strong>PLANEACI\u00d3N DE LA GESTI\u00d3N<\/strong><strong><\/strong><\/p>\n<ul>\n<li><a href=\"https:\/\/docs.google.com\/spreadsheets\/d\/1jguGUFGqs9nZwKGqp50VD3OBQKPbDFJS\/edit?usp=drive_link&amp;ouid=113290235870177973994&amp;rtpof=true&amp;sd=true\"><\/a><a href=\"https:\/\/drive.google.com\/file\/d\/1fLpe6vKONnpcl3YCtEvXfAIShPupT_II\/view?usp=sharing\">Acto administrativo de adopci\u00f3n del SIG<\/a><\/li>\n<li><a href=\"https:\/\/docs.google.com\/spreadsheets\/d\/1jguGUFGqs9nZwKGqp50VD3OBQKPbDFJS\/edit?gid=1971508477#gid=1971508477\">CAL-PL-04 Plan de medios y comunicaciones<\/a><\/li>\n<li><a href=\"https:\/\/drive.google.com\/drive\/folders\/1olOW4VnNtJBGjgnZH2QUNUWHFtYu0uqZ?usp=drive_link\">Rendici\u00f3n de cuentas<\/a><\/li>\n<li><a href=\"https:\/\/drive.google.com\/drive\/folders\/18JB7Yb9MjprqaZ2ZKtB3JFIq731kyiqy?usp=drive_link\">Revisi\u00f3n por la direcci\u00f3n<\/a><\/li>\n<li><a href=\"https:\/\/docs.google.com\/spreadsheets\/d\/1WPQ68HATSo5RFAZIEN2t30GCY1VyCnxp\/edit?gid=1025769893#gid=1025769893\">Programa de inspecciones gerenciales<\/a><\/li>\n<\/ul>\n<p><strong>MEJORA CONTINUA<\/strong><\/p>\n<ul>\n<ul>\n<li><a href=\"https:\/\/docs.google.com\/spreadsheets\/d\/1puqrSUVTJbqUwZg68iQuZ7m5jTyVd6G8\/edit?gid=1763169070#gid=1763169070\">GAF-F-03 Presupuesto 2025<\/a><\/li>\n<li><a href=\"https:\/\/docs.google.com\/spreadsheets\/d\/19B9plXRU5-Gtb2eT07fQFaCdc431npX7\/edit?gid=754891194#gid=754891194\">CAL-PL-02 Plan de trabajo anual<\/a><\/li>\n<li><a href=\"https:\/\/docs.google.com\/spreadsheets\/d\/1O878eiN0xTFqOKp3drLEcjMAx2QDQhKv\/edit?gid=809002441#gid=809002441\">CAL-MT-05 Matriz legal<\/a><\/li>\n<li><a href=\"https:\/\/drive.google.com\/drive\/folders\/1fdwPfQJpTssTprZiOBdjZpXmwGEU-9HV?usp=drive_link\">Informes de auditoria<\/a><\/li>\n<li><a href=\"https:\/\/drive.google.com\/drive\/folders\/1yzjB3f-38qIljaXiKmcXQoGt-fz_aPnz?usp=drive_link\">Informes de evaluaci\u00f3n de satisfacci\u00f3n del cliente<\/a><\/li>\n<li><a href=\"https:\/\/docs.google.com\/spreadsheets\/d\/1f63cVlkVPR0CIuwCxzuIuGwAFvgqhn3B\/edit?usp=drive_link&amp;ouid=113290235870177973994&amp;rtpof=true&amp;sd=true\">Listado maestro de documentos<\/a><\/li>\n<li><a href=\"https:\/\/docs.google.com\/spreadsheets\/d\/1cXQbXZ-HkrF6VLrSw3hiMkav8bbVEZca\/edit?gid=1615470484#gid=1615470484\">CAL-PG-02 Programa de higiene y seguridad industrial<\/a><\/li>\n<li><a href=\"https:\/\/docs.google.com\/document\/d\/1aW98x6yxdRy9e1FtiN479eFXBSwzm8DN\/edit\">Programa de conservaci\u00f3n visual<\/a><\/li>\n<li><a href=\"https:\/\/docs.google.com\/document\/d\/1CTqkHsd5TA0zNfDjKIzZpvsy0dSTRfu-\/edit\">Programa de orden y aseo<\/a><\/li>\n<li><a href=\"https:\/\/docs.google.com\/spreadsheets\/d\/1mfBcN6XsP_pTCmWuIiSK5IadkOu66348\/edit?gid=1954850553#gid=1954850553\">Programa de medicina preventiva y del trabajo<\/a><\/li>\n<li><a href=\"https:\/\/docs.google.com\/document\/d\/17o_yDmDZJLtYpIlEaHvzY6UjVXL5w5tC\/edit\">Plan de emergencia<\/a><\/li>\n<\/ul>\n<\/ul>\n<p><a href=\"https:\/\/drive.google.com\/file\/d\/1T2s3MPtm9PdDyKeN80HGIwkrmHfiUJZG\/view?usp=sharing\"><strong style=\"font-size: 14px; color: #666666;\">GESTI\u00d3N COMERCIAL<\/strong><\/a><\/p>\n<ul>\n<li><a href=\"https:\/\/drive.google.com\/file\/d\/1T2s3MPtm9PdDyKeN80HGIwkrmHfiUJZG\/view?usp=sharing\">COM-FT-01 FICHA TECNICA COMERCIAL<\/a><\/li>\n<li><a href=\"https:\/\/docs.google.com\/spreadsheets\/d\/1UMI2KDpJz-JuoXJF84m_6_KV7Vg6Ux7U\/edit?gid=530329521#gid=530329521\">COM-MT- 01 Caracterizaci\u00f3n de clientes<\/a><\/li>\n<\/ul>\n<blockquote><\/blockquote>\n<p><strong>PRESTACI\u00d3N DEL SERVICIO<\/strong><\/p>\n<ul>\n<li><a href=\"https:\/\/docs.google.com\/document\/d\/1nwvnfVPGG3C1apWlKOmZm3ydliAxNn_S\/edit\">OPE-FT-01 FICHA TECNICA &#8211; REVISOR\u00cdA FISCAL<\/a><\/li>\n<li><a href=\"https:\/\/docs.google.com\/document\/d\/1VeniY2qpQtMTdPX4aBBW5Z8_e7l1Wc0U\/edit\">OPE-FT-02 FICHA TECNICA ASESORIA CONTABLE, FINANCIERA Y OUTSOURCING CONTABLE<\/a><\/li>\n<li><a href=\"https:\/\/docs.google.com\/document\/d\/12jyRnJlqligcQoLp-4IHHqK5Ddx0XXbu\/edit\">OPE-FT-03 FICHA TECNICA OUTSOURCING DE TESORER\u00cdA<\/a><\/li>\n<li><a href=\"https:\/\/docs.google.com\/document\/d\/1k6DsGC8WbGGTR8891g7KDkFPv7R0ht_H\/edit\">OPE-FT-04 FICHA TECNICA AUDITOR\u00cdA CONTABLE Y FINANCIERA<\/a><\/li>\n<\/ul>\n<p><strong>GESTI\u00d3N DE LOS RECURSOS<\/strong><\/p>\n<ul>\n<li><a href=\"https:\/\/docs.google.com\/spreadsheets\/d\/1sFZ3Ty9dz9gV9VoXnvuMU1Q8Fzzy6NW9\/edit?gid=10325708#gid=10325708\">GAF-F-01 <\/a><a href=\"https:\/\/docs.google.com\/spreadsheets\/d\/1sFZ3Ty9dz9gV9VoXnvuMU1Q8Fzzy6NW9\/edit?gid=10325708#gid=10325708\" target=\"_blank\" rel=\"noopener\">Hoja de vida de maquinaria y equipos<\/a><\/li>\n<li><a href=\"https:\/\/docs.google.com\/spreadsheets\/d\/1nFBIa7PEXfRUmSi1pe0tjLNoIShIMpe3\/edit?gid=1884568651#gid=1884568651\" target=\"_blank\" rel=\"noopener\">GAF-PL-01 Plan de mantenimiento<\/a><\/li>\n<li><a href=\"https:\/\/drive.google.com\/drive\/folders\/142dj-dh238Yj7C5XFqB3fr0fDA0fwFhz\" target=\"_blank\" rel=\"noopener\">Proveedores<\/a><\/li>\n<li><a href=\"https:\/\/drive.google.com\/drive\/folders\/12hweRNxYo9HUXCwfsfg6NhdEJlvqDRxN\" target=\"_blank\" rel=\"noopener\">Soportes del proceso<\/a><\/li>\n<\/ul>\n<p><strong>GESTI\u00d3N DE TALENTO HUMANO<\/strong><\/p>\n<ul>\n<li><a href=\"https:\/\/drive.google.com\/file\/d\/1scNbrwkO9tc7r_ddBvXJitlaNQ3zApI2\/view?usp=drive_link\" target=\"_blank\" rel=\"noopener\">RRHH-RE-01 Reglamento interno de trabajo<\/a><\/li>\n<li><a href=\"https:\/\/docs.google.com\/spreadsheets\/d\/1vFxpIE1g3pH5gvGV-W-T-lFxIpBII3Jv\/edit?gid=42205836#gid=42205836\" target=\"_blank\" rel=\"noopener\">RRHH-PL-01 Plan anual de capacitaci\u00f3n<\/a><\/li>\n<li><a href=\"https:\/\/docs.google.com\/spreadsheets\/d\/1E-sOtrk3nxtvILpzE_C0Or9qJB8Gg8HR\/edit?gid=1767527527#gid=1767527527\" target=\"_blank\" rel=\"noopener\">RRHH-PL-02 Plan de bienestar<\/a><\/li>\n<li><a href=\"https:\/\/drive.google.com\/drive\/folders\/17ZdBmd2AgvVp0rLcJLg-2V0ds5Bu_b8i\" target=\"_blank\" rel=\"noopener\">Soportes de evaluaci\u00f3n de desempe\u00f1o<\/a><\/li>\n<li><a href=\"https:\/\/cerpatsas1-my.sharepoint.com\/personal\/asesoria_cerpat_com\/_layouts\/15\/onedrive.aspx?id=%2Fpersonal%2Fasesoria%5Fcerpat%5Fcom%2FDocuments%2FCerpat%20S%2EA%2ES%2FArea%20Administrativa%2F2%2E%20Nomina%2FDocumentos%20Personal%20Cerpat&amp;ga=1\">Hojas de vida del personal<\/a><\/li>\n<li><a href=\"https:\/\/drive.google.com\/file\/d\/1j__OsAXLoTYqyjyoDiymshfvC2-JHrnJ\/view?usp=drive_link\" target=\"_blank\" rel=\"noopener\">RRHH-MN-01. Manual de cargos<\/a><\/li>\n<li><a href=\"https:\/\/docs.google.com\/forms\/d\/1gMMDeRWh3eGkW82uFtergTsyXiDbKL3j2sQLHK-y1sI\/edit\">RRHH-F-18 Evaluaci\u00f3n de inducci\u00f3n y reinducci\u00f3n\u00a0<\/a> \u00a0<\/li>\n<li><a href=\"https:\/\/docs.google.com\/forms\/d\/1c_CEHnmVfvriKqLhlHc3chzsA4pqaeil2HybPIDdfmc\/edit\" target=\"_blank\" rel=\"noopener\">RRHH-F-19 Evaluaci\u00f3n calidad de la capacitaci\u00f3n\u00a0<\/a><\/li>\n<\/ul>\n<p>[\/et_pb_accordion_item][et_pb_accordion_item title=&#8221;gesti\u00f3n de riesgos&#8221; _builder_version=&#8221;4.22.2&#8243; _module_preset=&#8221;default&#8221; global_colors_info=&#8221;{}&#8221; open=&#8221;off&#8221;]<\/p>\n<p>A partir del reconocimiento del contexto de CERPAT S.A.S., y de las necesidades y expectativas de sus partes interesadas, se determinan los riesgos y oportunidades que se gestionar\u00e1n, mediante la herramienta <a href=\"https:\/\/docs.google.com\/spreadsheets\/d\/1bAnQuxcM5znpkH8nCnS1qyLVoO24ToGi\/edit?usp=drive_link&amp;ouid=113290235870177973994&amp;rtpof=true&amp;sd=true\">CAL-MT-03 MATRIZ DE RIESGOS Y OPORTUNIDADES DE GESTI\u00d3N<\/a><\/p>\n<p>[\/et_pb_accordion_item][et_pb_accordion_item title=&#8221;Pqrs&#8221; _builder_version=&#8221;4.22.2&#8243; _module_preset=&#8221;default&#8221; global_colors_info=&#8221;{}&#8221; open=&#8221;off&#8221;]<\/p>\n<p>En pro de mejorar los servicios y tr\u00e1mites que ofrecemos a nuestros clientes y comunidad en general, CERPAT SAS considera que su opini\u00f3n es importante para nosotros si tiene alguna petici\u00f3n, queja o reclamo por favor diligencie el siguiente formato <a href=\"https:\/\/docs.google.com\/document\/d\/1o_F6TUSbgrwA4nKBfON7oHCnz7OFFxVd\/edit?usp=drive_link&amp;ouid=113290235870177973994&amp;rtpof=true&amp;sd=true\">CAL-F-14 FORMATO PARA PQRS, CONSULTAS Y O PEDIDOS<\/a> , y enviar documento al correo <span><a href=\"mailto:info@cerpat.com\">info@cerpat.com<\/a><\/span><\/p>\n<p>[\/et_pb_accordion_item][\/et_pb_accordion][\/et_pb_column][\/et_pb_row][\/et_pb_section]<\/p>\n","protected":false},"excerpt":{"rendered":"<p>La mejora continua se construye a partir de diferentes elementos que orientan a CERPAT S.A.S a mejorar su gesti\u00f3n y a dar una mejor respuesta a las necesidades y expectativas de sus partes interesadas. Con el fin de brindar instrumentos que apoyen la mejora continua, se dise\u00f1o las siguientes herramientas: CAL-MT-01 MATRIZ DE PLANIFICACI\u00d3N DE [&hellip;]<\/p>\n","protected":false},"author":1,"featured_media":0,"parent":0,"menu_order":0,"comment_status":"closed","ping_status":"closed","template":"","meta":{"_et_pb_use_builder":"on","_et_pb_old_content":"","_et_gb_content_width":"","footnotes":""},"class_list":["post-1225","page","type-page","status-publish","hentry"],"_links":{"self":[{"href":"https:\/\/sigglobalaccounters.com\/index.php\/wp-json\/wp\/v2\/pages\/1225","targetHints":{"allow":["GET"]}}],"collection":[{"href":"https:\/\/sigglobalaccounters.com\/index.php\/wp-json\/wp\/v2\/pages"}],"about":[{"href":"https:\/\/sigglobalaccounters.com\/index.php\/wp-json\/wp\/v2\/types\/page"}],"author":[{"embeddable":true,"href":"https:\/\/sigglobalaccounters.com\/index.php\/wp-json\/wp\/v2\/users\/1"}],"replies":[{"embeddable":true,"href":"https:\/\/sigglobalaccounters.com\/index.php\/wp-json\/wp\/v2\/comments?post=1225"}],"version-history":[{"count":50,"href":"https:\/\/sigglobalaccounters.com\/index.php\/wp-json\/wp\/v2\/pages\/1225\/revisions"}],"predecessor-version":[{"id":1978,"href":"https:\/\/sigglobalaccounters.com\/index.php\/wp-json\/wp\/v2\/pages\/1225\/revisions\/1978"}],"wp:attachment":[{"href":"https:\/\/sigglobalaccounters.com\/index.php\/wp-json\/wp\/v2\/media?parent=1225"}],"curies":[{"name":"wp","href":"https:\/\/api.w.org\/{rel}","templated":true}]}}