{"id":338,"date":"2023-09-19T15:20:04","date_gmt":"2023-09-19T15:20:04","guid":{"rendered":"https:\/\/sigglobalaccounters.com\/?page_id=338"},"modified":"2025-09-08T20:18:47","modified_gmt":"2025-09-08T20:18:47","slug":"politicas","status":"publish","type":"page","link":"https:\/\/sigglobalaccounters.com\/index.php\/politicas\/","title":{"rendered":"Pol\u00edticas"},"content":{"rendered":"<p>[et_pb_section fb_built=&#8221;1&#8243; admin_label=&#8221;About&#8221; _builder_version=&#8221;4.22.2&#8243; _module_preset=&#8221;default&#8221; background_color=&#8221;#FFFFFF&#8221; custom_padding=&#8221;||||false|false&#8221; collapsed=&#8221;on&#8221; global_colors_info=&#8221;{%22gcid-36a744c3-3bc0-47a4-9493-942b5d904b59%22:%91%22background_color%22%93}&#8221;][et_pb_row _builder_version=&#8221;4.22.2&#8243; _module_preset=&#8221;default&#8221; global_colors_info=&#8221;{}&#8221;][et_pb_column type=&#8221;4_4&#8243; _builder_version=&#8221;4.22.2&#8243; _module_preset=&#8221;default&#8221; global_colors_info=&#8221;{}&#8221;][et_pb_text _builder_version=&#8221;4.22.2&#8243; _module_preset=&#8221;default&#8221; text_font=&#8221;Open Sans|800||||on|||&#8221; text_text_color=&#8221;#171c8f&#8221; text_font_size=&#8221;40px&#8221; header_font=&#8221;Open Sans||||||||&#8221; global_colors_info=&#8221;{}&#8221;]<\/p>\n<p style=\"text-align: center;\">POL\u00cdTICAS<\/p>\n<p>[\/et_pb_text][\/et_pb_column][\/et_pb_row][et_pb_row column_structure=&#8221;1_2,1_2&#8243; custom_padding_last_edited=&#8221;on|desktop&#8221; _builder_version=&#8221;4.24.0&#8243; _module_preset=&#8221;default&#8221; custom_padding_tablet=&#8221;||0px||false|false&#8221; custom_padding_phone=&#8221;||0px||false|false&#8221; locked=&#8221;off&#8221; global_colors_info=&#8221;{}&#8221;][et_pb_column type=&#8221;1_2&#8243; _builder_version=&#8221;4.24.0&#8243; _module_preset=&#8221;default&#8221; global_colors_info=&#8221;{}&#8221;][et_pb_blurb title=&#8221;1. POL\u00cdTICA INTEGRAL DEL SISTEMA GESTI\u00d3N&#8221; use_icon=&#8221;on&#8221; font_icon=&#8221;&#xf57e;||fa||900&#8243; icon_color=&#8221;#48d597&#8243; icon_placement=&#8221;left&#8221; image_last_edited=&#8221;off|desktop&#8221; _builder_version=&#8221;4.22.2&#8243; _module_preset=&#8221;31777d1b-82cd-4d02-b2f4-e7748b50e7fa&#8221; header_font=&#8221;Open Sans|700|||||||&#8221; header_text_color=&#8221;#171c8f&#8221; body_font=&#8221;Open Sans|300|||||||&#8221; body_text_align=&#8221;justify&#8221; body_text_color=&#8221;#474747&#8243; min_height=&#8221;298.8px&#8221; link_option_url=&#8221;#&#8221; locked=&#8221;off&#8221; global_colors_info=&#8221;{%22gcid-9bb9bfe2-980a-472b-9544-d767cdb4022e%22:%91%22icon_color%22,%22icon_color%22,%22icon_color%22%93}&#8221; image__hover_enabled=&#8221;off|hover&#8221; icon_color__hover=&#8221;#ad3bc2&#8243;]<\/p>\n<p><span style=\"color: #999999;\"><strong>CERPAT SAS<\/strong>\u00a0se compromete\u00a0 a establecer una pol\u00edtica integral que propenda por la satisfacci\u00f3n de los requisitos de sus clientes y dem\u00e1s partes interesadas en especial para proporcionar condiciones de trabajo seguras y saludables para la prevenci\u00f3n de lesiones y\u00a0deterioro de la salud\u00a0relacionadas con el trabajo y\u00a0<strong>promoci\u00f3n de la salud<\/strong><b>,<\/b>\u00a0procurando su integridad f\u00edsica mediante la eliminaci\u00f3n de peligros y reducci\u00f3n de los riesgos y el mejoramiento continuo de todos sus procesos.\u00a0Todos los niveles de la organizaci\u00f3n\u00a0asumen la responsabilidad de promover el enfoque al cliente tanto interno como externo, cumpliendo los requisitos legales aplicables para el Sistema integrado de Gesti\u00f3n y destinando los recursos humanos, f\u00edsicos y financieros necesarios para asegurar su implementaci\u00f3n y evaluaci\u00f3n.<\/span><span style=\"color: #999999;\"><\/span><\/p>\n<p><span style=\"color: #999999;\">Si desea conocer m\u00e1s de nuestra pol\u00edtica:<a href=\"https:\/\/drive.google.com\/file\/d\/1SE21_aXzw1EjUOaa_PJ9h6TZy7beQlpJ\/view?usp=sharing\"> (Clic Aqu\u00ed)<\/a><\/span><\/p>\n<ul><\/ul>\n<p>[\/et_pb_blurb][\/et_pb_column][et_pb_column type=&#8221;1_2&#8243; _builder_version=&#8221;4.24.0&#8243; _module_preset=&#8221;default&#8221; global_colors_info=&#8221;{}&#8221;][et_pb_blurb title=&#8221;2. POL\u00cdTICA PARA LA PREVENCI\u00d3N DE ALCOHOL Y DROGAS&#8221; use_icon=&#8221;on&#8221; font_icon=&#8221;&#xf79f;||fa||900&#8243; icon_color=&#8221;#48d597&#8243; icon_placement=&#8221;left&#8221; image_last_edited=&#8221;off|desktop&#8221; _builder_version=&#8221;4.22.2&#8243; _module_preset=&#8221;31777d1b-82cd-4d02-b2f4-e7748b50e7fa&#8221; header_font=&#8221;Open Sans|700|||||||&#8221; header_text_color=&#8221;#171c8f&#8221; body_font=&#8221;Open Sans|300|||||||&#8221; body_text_align=&#8221;justify&#8221; body_text_color=&#8221;#b2b2b2&#8243; min_height=&#8221;298.8px&#8221; link_option_url=&#8221;#&#8221; hover_enabled=&#8221;1&#8243; locked=&#8221;off&#8221; global_colors_info=&#8221;{%22gcid-9bb9bfe2-980a-472b-9544-d767cdb4022e%22:%91%22icon_color%22,%22icon_color%22%93}&#8221; image__hover_enabled=&#8221;off|hover&#8221; icon_color__hover=&#8221;#ad3bc2&#8243;]<\/p>\n<p><span>Con el fin de prevenir, mejorar, conservar y preservar el bienestar de los trabajadores, el empleador <strong>CERPAT S.A.S<\/strong>, implementar\u00e1 pol\u00edticas que permitan un adecuado desempe\u00f1o y competitividad del personal, as\u00ed como el fomento de estilos de vida saludables.<\/span><\/p>\n<p><span>\u00a0<\/span><span>No se le permitir\u00e1 a ninguna persona, sin importar su rango o posici\u00f3n, trabajar o visitar las \u00e1reas de trabajo bajo la influencia de bebidas alcoh\u00f3licas o sustancias alucin\u00f3genas que alteren el estado de la conciencia, el estado de \u00e1nimo, la percepci\u00f3n y la capacidad de reacci\u00f3n.<\/span><\/p>\n<p><span><\/span><\/p>\n<ul>\n<li><span><\/span><span>No se permite la posesi\u00f3n, consumo y\/o comercializaci\u00f3n de bebidas alcoh\u00f3licas y sustancias alucin\u00f3genas, tanto en las instalaciones del lugar de trabajo o en actividades de trabajo fuera de la oficina.<\/span><\/li>\n<li><span><\/span><span>Teniendo en cuenta que fumar altera el estado de \u00e1nimo y el nivel de concentraci\u00f3n, que representa un riesgo para la salud del fumador y de las personas que est\u00e1n a su alrededor, adem\u00e1s para el medio ambiente y para las instalaciones por ser una fuente generadora de incendios.<\/span><\/li>\n<\/ul>\n<p>[\/et_pb_blurb][\/et_pb_column][\/et_pb_row][et_pb_row column_structure=&#8221;1_2,1_2&#8243; custom_padding_last_edited=&#8221;on|desktop&#8221; _builder_version=&#8221;4.24.0&#8243; _module_preset=&#8221;default&#8221; custom_padding_tablet=&#8221;||0px||false|false&#8221; custom_padding_phone=&#8221;||0px||false|false&#8221; locked=&#8221;off&#8221; global_colors_info=&#8221;{}&#8221;][et_pb_column type=&#8221;1_2&#8243; _builder_version=&#8221;4.20.0&#8243; _module_preset=&#8221;default&#8221; global_colors_info=&#8221;{}&#8221;][et_pb_blurb title=&#8221;3. POL\u00cdTICA DE TRATAMIENTO DE DATOS&#8221; use_icon=&#8221;on&#8221; font_icon=&#8221;&#xf129;||fa||900&#8243; icon_color=&#8221;#48d597&#8243; icon_placement=&#8221;left&#8221; image_last_edited=&#8221;off|desktop&#8221; _builder_version=&#8221;4.22.2&#8243; _module_preset=&#8221;31777d1b-82cd-4d02-b2f4-e7748b50e7fa&#8221; header_font=&#8221;Open Sans|700|||||||&#8221; header_text_color=&#8221;#171c8f&#8221; body_font=&#8221;Open Sans|300|||||||&#8221; body_text_align=&#8221;justify&#8221; body_text_color=&#8221;#b2b2b2&#8243; min_height=&#8221;298.8px&#8221; link_option_url=&#8221;#&#8221; locked=&#8221;off&#8221; global_colors_info=&#8221;{%22gcid-9bb9bfe2-980a-472b-9544-d767cdb4022e%22:%91%22icon_color%22,%22icon_color%22,%22icon_color%22,%22icon_color%22%93}&#8221; image__hover_enabled=&#8221;off|hover&#8221; icon_color__hover=&#8221;#ad3bc2&#8243;]<\/p>\n<p><strong>CERPAT SAS<span>\u00a0<\/span><\/strong><span>Identificada con NIT No.901.266.647-5, con domicilio en la ciudad de Villavicencio \u2013 Meta, oficina principal se encuentra ubicada en la Cra 30a N\u00b04B-20 Urbanizaci\u00f3n Sociego , cel 3124324791 , manifiesta que, para dar cumplimiento a lo establecido en la Ley 1581 de 2012 y Decreto \u00fanico 1074 de 2015, se crea el presente documento en el cual se incluye la pol\u00edtica de tratamiento de datos personales y el procedimiento para la recolecci\u00f3n, almacenamiento y uso de datos personales, e igualmente la forma para ejercer sus derechos respecto a los mismos.<\/span><\/p>\n<p><span>La presente pol\u00edtica rige para todos los procesos de\u00a0<strong>CERPAT SAS<\/strong>. e incluye a aquellos terceros que almacenen, procesen y dispongan de datos personales de los cuales\u00a0<strong><em>CERPAT SA<\/em>S<\/strong>. sea responsabl<\/span>e.<\/p>\n<p>[\/et_pb_blurb][\/et_pb_column][et_pb_column type=&#8221;1_2&#8243; _builder_version=&#8221;4.20.0&#8243; _module_preset=&#8221;default&#8221; global_colors_info=&#8221;{}&#8221;][et_pb_blurb title=&#8221;4. POL\u00cdTICA DE CARTERA&#8221; use_icon=&#8221;on&#8221; font_icon=&#8221;&#xf4c0;||fa||900&#8243; icon_color=&#8221;#48d597&#8243; icon_placement=&#8221;left&#8221; image_last_edited=&#8221;off|desktop&#8221; _builder_version=&#8221;4.22.2&#8243; _module_preset=&#8221;31777d1b-82cd-4d02-b2f4-e7748b50e7fa&#8221; header_font=&#8221;Open Sans|700|||||||&#8221; header_text_color=&#8221;#171c8f&#8221; body_font=&#8221;Open Sans|300|||||||&#8221; body_text_align=&#8221;justify&#8221; body_text_color=&#8221;#b2b2b2&#8243; min_height=&#8221;298.8px&#8221; link_option_url=&#8221;#&#8221; locked=&#8221;off&#8221; global_colors_info=&#8221;{%22gcid-9bb9bfe2-980a-472b-9544-d767cdb4022e%22:%91%22icon_color%22,%22icon_color%22,%22icon_color%22,%22icon_color%22,%22icon_color%22%93}&#8221; image__hover_enabled=&#8221;off|hover&#8221; icon_color__hover=&#8221;#ad3bc2&#8243;]<\/p>\n<p><span style=\"font-weight: 400;\"><strong>CERPAT SAS<\/strong> establece directrices para gestionar el proceso de facturaci\u00f3n, cobro y recuperaci\u00f3n de cartera hasta su recaudo definitivo, esto con el fin de asegurar que se mantenga un flujo de caja adecuado y estable. Esta pol\u00edtica permite identificar, gestionar y mitigar los riesgos asociados a la cartera en mora, y establecer procedimientos claros para la suspensi\u00f3n de servicios y recuperaci\u00f3n de pagos en casos de incumplimiento.<\/span><\/p>\n<p>Si desea conocer m\u00e1s de nuestra pol\u00edtica:<span style=\"color: #0febff;\"> <a href=\"https:\/\/docs.google.com\/document\/d\/1PxxDqy9ujan9d803unPGfHQixgPK_qhc\/edit\" style=\"color: #0febff;\">(CLIC)<\/a><\/span><span style=\"font-weight: 400;\"><\/span><\/p>\n<p><span style=\"font-weight: 400;\"><\/span><\/p>\n<p>[\/et_pb_blurb][\/et_pb_column][\/et_pb_row][\/et_pb_section]<\/p>\n","protected":false},"excerpt":{"rendered":"<p>POL\u00cdTICASCERPAT SAS\u00a0se compromete\u00a0 a establecer una pol\u00edtica integral que propenda por la satisfacci\u00f3n de los requisitos de sus clientes y dem\u00e1s partes interesadas en especial para proporcionar condiciones de trabajo seguras y saludables para la prevenci\u00f3n de lesiones y\u00a0deterioro de la salud\u00a0relacionadas con el trabajo y\u00a0promoci\u00f3n de la salud,\u00a0procurando su integridad f\u00edsica mediante la eliminaci\u00f3n [&hellip;]<\/p>\n","protected":false},"author":2,"featured_media":0,"parent":0,"menu_order":0,"comment_status":"closed","ping_status":"closed","template":"","meta":{"_et_pb_use_builder":"on","_et_pb_old_content":"","_et_gb_content_width":"","footnotes":""},"class_list":["post-338","page","type-page","status-publish","hentry"],"_links":{"self":[{"href":"https:\/\/sigglobalaccounters.com\/index.php\/wp-json\/wp\/v2\/pages\/338","targetHints":{"allow":["GET"]}}],"collection":[{"href":"https:\/\/sigglobalaccounters.com\/index.php\/wp-json\/wp\/v2\/pages"}],"about":[{"href":"https:\/\/sigglobalaccounters.com\/index.php\/wp-json\/wp\/v2\/types\/page"}],"author":[{"embeddable":true,"href":"https:\/\/sigglobalaccounters.com\/index.php\/wp-json\/wp\/v2\/users\/2"}],"replies":[{"embeddable":true,"href":"https:\/\/sigglobalaccounters.com\/index.php\/wp-json\/wp\/v2\/comments?post=338"}],"version-history":[{"count":22,"href":"https:\/\/sigglobalaccounters.com\/index.php\/wp-json\/wp\/v2\/pages\/338\/revisions"}],"predecessor-version":[{"id":1816,"href":"https:\/\/sigglobalaccounters.com\/index.php\/wp-json\/wp\/v2\/pages\/338\/revisions\/1816"}],"wp:attachment":[{"href":"https:\/\/sigglobalaccounters.com\/index.php\/wp-json\/wp\/v2\/media?parent=338"}],"curies":[{"name":"wp","href":"https:\/\/api.w.org\/{rel}","templated":true}]}}