{"id":354,"date":"2023-09-26T13:31:17","date_gmt":"2023-09-26T13:31:17","guid":{"rendered":"https:\/\/sigglobalaccounters.com\/?page_id=354"},"modified":"2025-03-11T15:40:39","modified_gmt":"2025-03-11T15:40:39","slug":"354-2","status":"publish","type":"page","link":"https:\/\/sigglobalaccounters.com\/index.php\/354-2\/","title":{"rendered":"An\u00e1lisis de contexto"},"content":{"rendered":"<p>[et_pb_section fb_built=&#8221;1&#8243; _builder_version=&#8221;4.22.0&#8243; _module_preset=&#8221;default&#8221; global_colors_info=&#8221;{}&#8221;][et_pb_row column_structure=&#8221;3_5,2_5&#8243; _builder_version=&#8221;4.22.0&#8243; _module_preset=&#8221;default&#8221; global_colors_info=&#8221;{}&#8221;][et_pb_column type=&#8221;3_5&#8243; _builder_version=&#8221;4.22.0&#8243; _module_preset=&#8221;default&#8221; global_colors_info=&#8221;{}&#8221;][et_pb_text _builder_version=&#8221;4.22.0&#8243; _module_preset=&#8221;default&#8221; custom_padding=&#8221;||20px|||&#8221; global_colors_info=&#8221;{}&#8221;]<\/p>\n<blockquote>\n<p><span>global accounters sas en sus an\u00e1lisis de contexto determina las cuestiones internas y externas pertinentes a la organizaci\u00f3n que afectan el logro de los resultados. Es por ello, que se ha dise\u00f1ado el siguiente la herramienta <a href=\"https:\/\/docs.google.com\/spreadsheets\/d\/1RNQK3KeGULDcEiJe2-Eujz9CPPCpeszD\/edit#gid=1225398411\">GER-MT-01 TABLERO DE MANDO INTEGRAL<\/a><\/span><\/p>\n<\/blockquote>\n<p>[\/et_pb_text][\/et_pb_column][et_pb_column type=&#8221;2_5&#8243; _builder_version=&#8221;4.22.0&#8243; _module_preset=&#8221;default&#8221; global_colors_info=&#8221;{}&#8221;][et_pb_sidebar _builder_version=&#8221;4.22.2&#8243; _module_preset=&#8221;default&#8221; header_font=&#8221;Open Sans|700||on|||||&#8221; header_text_align=&#8221;left&#8221; header_text_color=&#8221;#474747&#8243; body_font=&#8221;Open Sans||||||||&#8221; body_text_align=&#8221;left&#8221; body_text_color=&#8221;#000000&#8243; text_orientation=&#8221;left&#8221; global_colors_info=&#8221;{}&#8221;][\/et_pb_sidebar][\/et_pb_column][\/et_pb_row][\/et_pb_section]<\/p>\n","protected":false},"excerpt":{"rendered":"<p>global accounters sas en sus an\u00e1lisis de contexto determina las cuestiones internas y externas pertinentes a la organizaci\u00f3n que afectan el logro de los resultados. Es por ello, que se ha dise\u00f1ado el siguiente la herramienta GER-MT-01 TABLERO DE MANDO INTEGRAL<\/p>\n","protected":false},"author":2,"featured_media":0,"parent":0,"menu_order":0,"comment_status":"closed","ping_status":"closed","template":"","meta":{"_et_pb_use_builder":"on","_et_pb_old_content":"","_et_gb_content_width":"","footnotes":""},"class_list":["post-354","page","type-page","status-publish","hentry"],"_links":{"self":[{"href":"https:\/\/sigglobalaccounters.com\/index.php\/wp-json\/wp\/v2\/pages\/354","targetHints":{"allow":["GET"]}}],"collection":[{"href":"https:\/\/sigglobalaccounters.com\/index.php\/wp-json\/wp\/v2\/pages"}],"about":[{"href":"https:\/\/sigglobalaccounters.com\/index.php\/wp-json\/wp\/v2\/types\/page"}],"author":[{"embeddable":true,"href":"https:\/\/sigglobalaccounters.com\/index.php\/wp-json\/wp\/v2\/users\/2"}],"replies":[{"embeddable":true,"href":"https:\/\/sigglobalaccounters.com\/index.php\/wp-json\/wp\/v2\/comments?post=354"}],"version-history":[{"count":13,"href":"https:\/\/sigglobalaccounters.com\/index.php\/wp-json\/wp\/v2\/pages\/354\/revisions"}],"predecessor-version":[{"id":1152,"href":"https:\/\/sigglobalaccounters.com\/index.php\/wp-json\/wp\/v2\/pages\/354\/revisions\/1152"}],"wp:attachment":[{"href":"https:\/\/sigglobalaccounters.com\/index.php\/wp-json\/wp\/v2\/media?parent=354"}],"curies":[{"name":"wp","href":"https:\/\/api.w.org\/{rel}","templated":true}]}}