{"id":376,"date":"2023-09-26T14:58:28","date_gmt":"2023-09-26T14:58:28","guid":{"rendered":"https:\/\/sigglobalaccounters.com\/?page_id=376"},"modified":"2025-08-08T19:37:46","modified_gmt":"2025-08-08T19:37:46","slug":"__trashed-3__trashed","status":"publish","type":"page","link":"https:\/\/sigglobalaccounters.com\/index.php\/__trashed-3__trashed\/","title":{"rendered":"Plataforma Estrat\u00e9gica"},"content":{"rendered":"<p>[et_pb_section fb_built=&#8221;1&#8243; admin_label=&#8221;Header&#8221; _builder_version=&#8221;4.22.2&#8243; use_background_color_gradient=&#8221;on&#8221; background_color_gradient_stops=&#8221;#000863 1%|rgba(24,28,143,0.18) 100%&#8221; background_color_gradient_overlays_image=&#8221;on&#8221; background_color_gradient_start=&#8221;rgba(0,19,46,0.6)&#8221; background_color_gradient_end=&#8221;rgba(0,19,46,0.6)&#8221; background_image=&#8221;http:\/\/sigglobalaccounters.com\/wp-content\/uploads\/2024\/08\/financial-advisor-46.jpg&#8221; custom_padding=&#8221;||||false|false&#8221; locked=&#8221;off&#8221; global_colors_info=&#8221;{}&#8221;][et_pb_row _builder_version=&#8221;4.16&#8243; global_colors_info=&#8221;{}&#8221;][et_pb_column type=&#8221;4_4&#8243; _builder_version=&#8221;4.16&#8243; global_colors_info=&#8221;{}&#8221;][et_pb_text _builder_version=&#8221;4.22.2&#8243; _module_preset=&#8221;default&#8221; text_font=&#8221;Open Sans|700||||on|||&#8221; text_text_color=&#8221;#FFFFFF&#8221; text_font_size=&#8221;45px&#8221; text_orientation=&#8221;center&#8221; text_font_size_tablet=&#8221;45px&#8221; text_font_size_phone=&#8221;35px&#8221; text_font_size_last_edited=&#8221;on|phone&#8221; text_line_height_tablet=&#8221;&#8221; text_line_height_phone=&#8221;1em&#8221; text_line_height_last_edited=&#8221;on|phone&#8221; global_colors_info=&#8221;{}&#8221;]<\/p>\n<p>PLATAFORMA ESTRAT\u00c9GICA<\/p>\n<p>[\/et_pb_text][\/et_pb_column][\/et_pb_row][\/et_pb_section][et_pb_section fb_built=&#8221;1&#8243; admin_label=&#8221;Categories&#8221; _builder_version=&#8221;4.22.2&#8243; background_enable_image=&#8221;off&#8221; background_size=&#8221;initial&#8221; background_position=&#8221;bottom_center&#8221; global_colors_info=&#8221;{}&#8221;][et_pb_row column_structure=&#8221;1_2,1_2&#8243; use_custom_gutter=&#8221;on&#8221; gutter_width=&#8221;2&#8243; make_equal=&#8221;on&#8221; _builder_version=&#8221;4.22.2&#8243; locked=&#8221;off&#8221; global_colors_info=&#8221;{}&#8221;][et_pb_column type=&#8221;1_2&#8243; _builder_version=&#8221;4.22.2&#8243; background_color=&#8221;#f8fafc&#8221; custom_padding=&#8221;50px|30px|50px|30px|true|true&#8221; border_radii=&#8221;on|20px|20px|20px|20px&#8221; global_colors_info=&#8221;{}&#8221;][et_pb_blurb title=&#8221;MISI\u00d3N&#8221; _builder_version=&#8221;4.22.2&#8243; header_font=&#8221;Open Sans|900|||||||&#8221; header_text_align=&#8221;center&#8221; header_text_color=&#8221;#ad3bc2&#8243; header_font_size=&#8221;36px&#8221; body_font=&#8221;Open Sans||||||||&#8221; body_text_color=&#8221;#a6a6a6&#8243; body_font_size=&#8221;15px&#8221; body_line_height=&#8221;1.4em&#8221; animation=&#8221;off&#8221; header_font_size_tablet=&#8221;30px&#8221; header_font_size_phone=&#8221;24px&#8221; header_font_size_last_edited=&#8221;on|phone&#8221; body_text_align_tablet=&#8221;&#8221; body_text_align_phone=&#8221;justify&#8221; body_text_align_last_edited=&#8221;on|phone&#8221; global_colors_info=&#8221;{}&#8221;]<\/p>\n<p><span><strong><\/strong><\/span><\/p>\n<p><span><strong>C<\/strong><\/span><span><strong>ERPAT SAS<\/strong>\u00a0servicios profesionales integrales, que otorgan valor real para la toma de decisiones de nuestros clientes, a nivel contable, financiero y tributario generando confianza y honestidad como sello de calidad.\u00a0<\/span><\/p>\n<p>[\/et_pb_blurb][\/et_pb_column][et_pb_column type=&#8221;1_2&#8243; _builder_version=&#8221;4.22.2&#8243; background_color=&#8221;#f8fafc&#8221; custom_padding=&#8221;50px|30px|50px|30px|true|true&#8221; border_radii=&#8221;on|20px|20px|20px|20px&#8221; global_colors_info=&#8221;{}&#8221;][et_pb_blurb title=&#8221;VISI\u00d3N&#8221; _builder_version=&#8221;4.22.2&#8243; header_font=&#8221;Open Sans|900|||||||&#8221; header_text_align=&#8221;center&#8221; header_text_color=&#8221;#ad3bc2&#8243; header_font_size=&#8221;36px&#8221; body_font=&#8221;Open Sans||||||||&#8221; body_text_color=&#8221;#a6a6a6&#8243; body_font_size=&#8221;15px&#8221; body_line_height=&#8221;1.4em&#8221; animation=&#8221;off&#8221; header_font_size_tablet=&#8221;30px&#8221; header_font_size_phone=&#8221;24px&#8221; header_font_size_last_edited=&#8221;on|phone&#8221; body_text_align_tablet=&#8221;&#8221; body_text_align_phone=&#8221;justify&#8221; body_text_align_last_edited=&#8221;on|phone&#8221; locked=&#8221;off&#8221; global_colors_info=&#8221;{}&#8221;]<\/p>\n<p>Para el 2028 <strong>CERPAT SAS<\/strong>, pretende consolidar un modelo de sostenibilidad que le permita la permanencia y profesionalizaci\u00f3n de su talento humano, la incorporaci\u00f3n de modelos tecnol\u00f3gicos y la innovaci\u00f3n en su que hacer, unas finanzas saludables que contribuyan a la conformaci\u00f3n del tejido social de la regi\u00f3n.<\/p>\n<p>[\/et_pb_blurb][\/et_pb_column][\/et_pb_row][\/et_pb_section][et_pb_section fb_built=&#8221;1&#8243; admin_label=&#8221;Footer&#8221; _builder_version=&#8221;4.22.2&#8243; background_color=&#8221;#ffffff&#8221; background_enable_image=&#8221;off&#8221; locked=&#8221;off&#8221; global_colors_info=&#8221;{}&#8221;][et_pb_row _builder_version=&#8221;4.22.2&#8243; _module_preset=&#8221;default&#8221; global_colors_info=&#8221;{}&#8221;][et_pb_column type=&#8221;4_4&#8243; _builder_version=&#8221;4.22.2&#8243; _module_preset=&#8221;default&#8221; global_colors_info=&#8221;{}&#8221;][et_pb_image src=&#8221;http:\/\/sigglobalaccounters.com\/wp-content\/uploads\/2025\/08\/ORGANIGRAMA-Y-MAPA-DE-PROCESOS-CERPAT-1.png&#8221; title_text=&#8221;ORGANIGRAMA Y MAPA DE PROCESOS CERPAT (1)&#8221; _builder_version=&#8221;4.22.2&#8243; _module_preset=&#8221;default&#8221; hover_enabled=&#8221;0&#8243; border_radii=&#8221;on|30px|30px|30px|30px&#8221; border_radii_tablet=&#8221;on|30px|30px|30px|30px&#8221; border_radii_phone=&#8221;on|10px|10px|10px|10px&#8221; border_radii_last_edited=&#8221;on|phone&#8221; box_shadow_style=&#8221;preset1&#8243; box_shadow_color=&#8221;rgba(0,0,0,0.35)&#8221; global_colors_info=&#8221;{}&#8221; sticky_enabled=&#8221;0&#8243;][\/et_pb_image][\/et_pb_column][\/et_pb_row][\/et_pb_section]<\/p>\n","protected":false},"excerpt":{"rendered":"<p>PLATAFORMA ESTRAT\u00c9GICA CERPAT SAS\u00a0servicios profesionales integrales, que otorgan valor real para la toma de decisiones de nuestros clientes, a nivel contable, financiero y tributario generando confianza y honestidad como sello de calidad.\u00a0Para el 2028 CERPAT SAS, pretende consolidar un modelo de sostenibilidad que le permita la permanencia y profesionalizaci\u00f3n de su talento humano, la incorporaci\u00f3n [&hellip;]<\/p>\n","protected":false},"author":2,"featured_media":0,"parent":0,"menu_order":0,"comment_status":"closed","ping_status":"closed","template":"","meta":{"_et_pb_use_builder":"on","_et_pb_old_content":"","_et_gb_content_width":"","footnotes":""},"class_list":["post-376","page","type-page","status-publish","hentry"],"_links":{"self":[{"href":"https:\/\/sigglobalaccounters.com\/index.php\/wp-json\/wp\/v2\/pages\/376","targetHints":{"allow":["GET"]}}],"collection":[{"href":"https:\/\/sigglobalaccounters.com\/index.php\/wp-json\/wp\/v2\/pages"}],"about":[{"href":"https:\/\/sigglobalaccounters.com\/index.php\/wp-json\/wp\/v2\/types\/page"}],"author":[{"embeddable":true,"href":"https:\/\/sigglobalaccounters.com\/index.php\/wp-json\/wp\/v2\/users\/2"}],"replies":[{"embeddable":true,"href":"https:\/\/sigglobalaccounters.com\/index.php\/wp-json\/wp\/v2\/comments?post=376"}],"version-history":[{"count":31,"href":"https:\/\/sigglobalaccounters.com\/index.php\/wp-json\/wp\/v2\/pages\/376\/revisions"}],"predecessor-version":[{"id":1771,"href":"https:\/\/sigglobalaccounters.com\/index.php\/wp-json\/wp\/v2\/pages\/376\/revisions\/1771"}],"wp:attachment":[{"href":"https:\/\/sigglobalaccounters.com\/index.php\/wp-json\/wp\/v2\/media?parent=376"}],"curies":[{"name":"wp","href":"https:\/\/api.w.org\/{rel}","templated":true}]}}