{"id":71,"date":"2023-08-28T15:14:04","date_gmt":"2023-08-28T15:14:04","guid":{"rendered":"https:\/\/sigglobalaccounters.com\/?page_id=71"},"modified":"2025-04-28T19:22:51","modified_gmt":"2025-04-28T19:22:51","slug":"objetivos","status":"publish","type":"page","link":"https:\/\/sigglobalaccounters.com\/index.php\/objetivos\/","title":{"rendered":"Objetivos"},"content":{"rendered":"<p>[et_pb_section fb_built=&#8221;1&#8243; _builder_version=&#8221;4.22.0&#8243; _module_preset=&#8221;default&#8221; global_colors_info=&#8221;{}&#8221;][et_pb_row _builder_version=&#8221;4.22.2&#8243; _module_preset=&#8221;default&#8221; global_colors_info=&#8221;{}&#8221;][et_pb_column type=&#8221;4_4&#8243; _builder_version=&#8221;4.22.2&#8243; _module_preset=&#8221;default&#8221; global_colors_info=&#8221;{}&#8221;][et_pb_text _builder_version=&#8221;4.22.2&#8243; _module_preset=&#8221;default&#8221; text_font=&#8221;Open Sans|800||||on|||&#8221; text_text_color=&#8221;#171c8f&#8221; text_font_size=&#8221;30px&#8221; text_orientation=&#8221;center&#8221; header_letter_spacing_tablet=&#8221;&#8221; header_letter_spacing_phone=&#8221;&#8221; header_letter_spacing_last_edited=&#8221;on|phone&#8221; header_line_height_tablet=&#8221;&#8221; header_line_height_phone=&#8221;&#8221; header_line_height_last_edited=&#8221;on|desktop&#8221; global_colors_info=&#8221;{}&#8221;]<\/p>\n<p>OBJETIVOS INTEGRALES<\/p>\n<p>[\/et_pb_text][et_pb_text _builder_version=&#8221;4.22.2&#8243; _module_preset=&#8221;default&#8221; text_font=&#8221;Open Sans|800||||on|||&#8221; text_text_color=&#8221;#171c8f&#8221; text_font_size=&#8221;30px&#8221; text_orientation=&#8221;center&#8221; hover_enabled=&#8221;0&#8243; header_letter_spacing_tablet=&#8221;&#8221; header_letter_spacing_phone=&#8221;&#8221; header_letter_spacing_last_edited=&#8221;on|phone&#8221; header_line_height_tablet=&#8221;&#8221; header_line_height_phone=&#8221;&#8221; header_line_height_last_edited=&#8221;on|desktop&#8221; global_colors_info=&#8221;{}&#8221; sticky_enabled=&#8221;0&#8243;]<\/p>\n<p><a href=\"https:\/\/docs.google.com\/spreadsheets\/d\/1KNI6ViUg6Lem57UpS5URICrgwVrgEzCH\/edit?gid=1566179317#gid=1566179317\">CAL-MT-02 MATRIZ DE SEGUIMIENTO OBJETIVOS INTEGRALES<\/a><\/p>\n<p>[\/et_pb_text][\/et_pb_column][\/et_pb_row][et_pb_row column_structure=&#8221;1_3,1_3,1_3&#8243; use_custom_gutter=&#8221;on&#8221; gutter_width=&#8221;2&#8243; _builder_version=&#8221;4.22.2&#8243; _module_preset=&#8221;default&#8221; module_alignment=&#8221;center&#8221; global_colors_info=&#8221;{}&#8221;][et_pb_column type=&#8221;1_3&#8243; _builder_version=&#8221;4.22.2&#8243; _module_preset=&#8221;default&#8221; global_colors_info=&#8221;{}&#8221;][et_pb_blurb use_icon=&#8221;on&#8221; _builder_version=&#8221;4.22.2&#8243; _module_preset=&#8221;default&#8221; body_font=&#8221;Open Sans|300|||||||&#8221; body_text_color=&#8221;#474747&#8243; background_color=&#8221;#f8fafc&#8221; custom_padding=&#8221;10px|10px|10px|10px|true|true&#8221; body_text_color_last_edited=&#8221;off|desktop&#8221; border_radii=&#8221;on|10px|10px|10px|10px&#8221; global_colors_info=&#8221;{}&#8221; background__hover_enabled=&#8221;on|desktop&#8221; background_color__hover=&#8221;#48d597&#8243; background_enable_color__hover=&#8221;on&#8221; body_text_color__hover_enabled=&#8221;on|hover&#8221; body_text_color__hover=&#8221;#FFFFFF&#8221;]<\/p>\n<p><strong>1.<\/strong> Consolidar un modelo de sostenibilidad que le permita la permanencia y profesionalizaci\u00f3n de su talento humano.<\/p>\n<p>[\/et_pb_blurb][\/et_pb_column][et_pb_column type=&#8221;1_3&#8243; _builder_version=&#8221;4.22.2&#8243; _module_preset=&#8221;default&#8221; global_colors_info=&#8221;{}&#8221;][et_pb_blurb use_icon=&#8221;on&#8221; _builder_version=&#8221;4.22.2&#8243; _module_preset=&#8221;default&#8221; body_font=&#8221;Open Sans|300|||||||&#8221; body_text_color=&#8221;#474747&#8243; background_color=&#8221;#f8fafc&#8221; custom_padding=&#8221;10px|10px|34px|10px|false|true&#8221; border_radii=&#8221;on|10px|10px|10px|10px&#8221; global_colors_info=&#8221;{}&#8221; background_color__hover=&#8221;#48d597&#8243; background_enable_color__hover=&#8221;on&#8221; body_text_color__hover=&#8221;#FFFFFF&#8221; body_text_color__hover_enabled=&#8221;on|hover&#8221; background__hover_enabled=&#8221;on|desktop&#8221;]<\/p>\n<p><strong>2.<\/strong> Incorporar modelos tecnol\u00f3gicos y la innovaci\u00f3n en su que hacer.<\/p>\n<p>[\/et_pb_blurb][\/et_pb_column][et_pb_column type=&#8221;1_3&#8243; _builder_version=&#8221;4.22.2&#8243; _module_preset=&#8221;default&#8221; global_colors_info=&#8221;{}&#8221;][et_pb_blurb use_icon=&#8221;on&#8221; _builder_version=&#8221;4.22.2&#8243; _module_preset=&#8221;default&#8221; body_font=&#8221;Open Sans|300|||||||&#8221; body_text_color=&#8221;#474747&#8243; background_color=&#8221;#f8fafc&#8221; custom_padding=&#8221;10px|10px|34px|10px|false|true&#8221; border_radii=&#8221;on|10px|10px|10px|10px&#8221; global_colors_info=&#8221;{}&#8221; background_color__hover=&#8221;#48d597&#8243; background_enable_color__hover=&#8221;on&#8221; body_text_color__hover=&#8221;#FFFFFF&#8221; body_text_color__hover_enabled=&#8221;on|hover&#8221; background__hover_enabled=&#8221;on|desktop&#8221;]<\/p>\n<p><strong>3.<\/strong> Lograr finanzas saludables que contribuyan a la conformaci\u00f3n del tejido social de la regi\u00f3n.<\/p>\n<p>[\/et_pb_blurb][\/et_pb_column][\/et_pb_row][et_pb_row column_structure=&#8221;1_3,1_3,1_3&#8243; _builder_version=&#8221;4.22.2&#8243; _module_preset=&#8221;default&#8221; global_colors_info=&#8221;{}&#8221;][et_pb_column type=&#8221;1_3&#8243; _builder_version=&#8221;4.22.2&#8243; _module_preset=&#8221;default&#8221; global_colors_info=&#8221;{}&#8221;][et_pb_blurb use_icon=&#8221;on&#8221; _builder_version=&#8221;4.22.2&#8243; _module_preset=&#8221;default&#8221; body_font=&#8221;Open Sans|300|||||||&#8221; body_text_color=&#8221;#474747&#8243; background_color=&#8221;#f8fafc&#8221; custom_padding=&#8221;10px|10px|34px|10px|false|true&#8221; border_radii=&#8221;on|10px|10px|10px|10px&#8221; global_colors_info=&#8221;{}&#8221; background_color__hover=&#8221;#48d597&#8243; background_enable_color__hover=&#8221;on&#8221; body_text_color__hover=&#8221;#FFFFFF&#8221; body_text_color__hover_enabled=&#8221;on|hover&#8221; background__hover_enabled=&#8221;on|desktop&#8221;]<\/p>\n<p><strong>4.<\/strong> Mejorar la satisfacci\u00f3n de los clientes y la percepci\u00f3n de mejora de las partes interesadas.<\/p>\n<p>[\/et_pb_blurb][\/et_pb_column][et_pb_column type=&#8221;1_3&#8243; _builder_version=&#8221;4.22.2&#8243; _module_preset=&#8221;default&#8221; global_colors_info=&#8221;{}&#8221;][et_pb_blurb use_icon=&#8221;on&#8221; _builder_version=&#8221;4.22.2&#8243; _module_preset=&#8221;default&#8221; body_font=&#8221;Open Sans|300|||||||&#8221; body_text_color=&#8221;#474747&#8243; background_color=&#8221;#f8fafc&#8221; custom_padding=&#8221;10px|10px|10px|10px|true|true&#8221; border_radii=&#8221;on|10px|10px|10px|10px&#8221; global_colors_info=&#8221;{}&#8221; background_color__hover=&#8221;#48d597&#8243; background_enable_color__hover=&#8221;on&#8221; body_text_color__hover=&#8221;#FFFFFF&#8221; body_text_color__hover_enabled=&#8221;on|hover&#8221; background__hover_enabled=&#8221;on|desktop&#8221;]<\/p>\n<p><strong>5.<\/strong> Garantizar la consulta y participaci\u00f3n de los trabajadores en las instancias que permitan la mejora continua del sistema integrado de gesti\u00f3n.<\/p>\n<p>[\/et_pb_blurb][\/et_pb_column][et_pb_column type=&#8221;1_3&#8243; _builder_version=&#8221;4.22.2&#8243; _module_preset=&#8221;default&#8221; global_colors_info=&#8221;{}&#8221;][et_pb_blurb use_icon=&#8221;on&#8221; _builder_version=&#8221;4.22.2&#8243; _module_preset=&#8221;default&#8221; body_font=&#8221;Open Sans|300|||||||&#8221; body_text_color=&#8221;#474747&#8243; background_color=&#8221;#f8fafc&#8221; custom_padding=&#8221;10px|10px|10px|10px|true|true&#8221; border_radii=&#8221;on|10px|10px|10px|10px&#8221; global_colors_info=&#8221;{}&#8221; background_color__hover=&#8221;#48d597&#8243; background_enable_color__hover=&#8221;on&#8221; body_text_color__hover=&#8221;#FFFFFF&#8221; body_text_color__hover_enabled=&#8221;on|hover&#8221; background__hover_enabled=&#8221;on|desktop&#8221;]<\/p>\n<p><strong>6.<\/strong> Proporcionar condiciones de trabajo seguras y saludables para la prevenci\u00f3n de lesiones y deterioro de la salud relacionadas con el trabajo y promoci\u00f3n de la salud.<\/p>\n<p>[\/et_pb_blurb][\/et_pb_column][\/et_pb_row][\/et_pb_section]<\/p>\n","protected":false},"excerpt":{"rendered":"<p>OBJETIVOS INTEGRALESCAL-MT-02 MATRIZ DE SEGUIMIENTO OBJETIVOS INTEGRALES1. Consolidar un modelo de sostenibilidad que le permita la permanencia y profesionalizaci\u00f3n de su talento humano.2. Incorporar modelos tecnol\u00f3gicos y la innovaci\u00f3n en su que hacer.3. Lograr finanzas saludables que contribuyan a la conformaci\u00f3n del tejido social de la regi\u00f3n.4. Mejorar la satisfacci\u00f3n de los clientes y la [&hellip;]<\/p>\n","protected":false},"author":1,"featured_media":0,"parent":0,"menu_order":0,"comment_status":"closed","ping_status":"closed","template":"","meta":{"_et_pb_use_builder":"on","_et_pb_old_content":"","_et_gb_content_width":"","footnotes":""},"class_list":["post-71","page","type-page","status-publish","hentry"],"_links":{"self":[{"href":"https:\/\/sigglobalaccounters.com\/index.php\/wp-json\/wp\/v2\/pages\/71","targetHints":{"allow":["GET"]}}],"collection":[{"href":"https:\/\/sigglobalaccounters.com\/index.php\/wp-json\/wp\/v2\/pages"}],"about":[{"href":"https:\/\/sigglobalaccounters.com\/index.php\/wp-json\/wp\/v2\/types\/page"}],"author":[{"embeddable":true,"href":"https:\/\/sigglobalaccounters.com\/index.php\/wp-json\/wp\/v2\/users\/1"}],"replies":[{"embeddable":true,"href":"https:\/\/sigglobalaccounters.com\/index.php\/wp-json\/wp\/v2\/comments?post=71"}],"version-history":[{"count":15,"href":"https:\/\/sigglobalaccounters.com\/index.php\/wp-json\/wp\/v2\/pages\/71\/revisions"}],"predecessor-version":[{"id":1532,"href":"https:\/\/sigglobalaccounters.com\/index.php\/wp-json\/wp\/v2\/pages\/71\/revisions\/1532"}],"wp:attachment":[{"href":"https:\/\/sigglobalaccounters.com\/index.php\/wp-json\/wp\/v2\/media?parent=71"}],"curies":[{"name":"wp","href":"https:\/\/api.w.org\/{rel}","templated":true}]}}